{"id":1364,"date":"2025-06-05T11:58:42","date_gmt":"2025-06-05T11:58:42","guid":{"rendered":"https:\/\/greenandbluevillas.com\/?page_id=1364"},"modified":"2025-07-04T16:59:18","modified_gmt":"2025-07-04T16:59:18","slug":"accesibility-statement","status":"publish","type":"page","link":"https:\/\/greenandbluevillas.com\/fr\/accesibility-statement\/","title":{"rendered":"D\u00e9claration d'accessibilit\u00e9"},"content":{"rendered":"<div data-elementor-type=\"wp-page\" data-elementor-id=\"1364\" class=\"elementor elementor-1364\" data-elementor-post-type=\"page\">\n\t\t\t\t<div class=\"elementor-element elementor-element-81a71f6 e-flex e-con-boxed e-con e-parent\" data-id=\"81a71f6\" data-element_type=\"container\" data-e-type=\"container\">\n\t\t\t\t\t<div class=\"e-con-inner\">\n\t\t\t\t<div class=\"elementor-element elementor-element-3fa86c7 elementor-widget elementor-widget-heading\" data-id=\"3fa86c7\" data-element_type=\"widget\" data-e-type=\"widget\" data-widget_type=\"heading.default\">\n\t\t\t\t<div class=\"elementor-widget-container\">\n\t\t\t\t\t<h1 class=\"elementor-heading-title elementor-size-default\">D\u00e9claration d'accessibilit\u00e9<\/h1>\t\t\t\t<\/div>\n\t\t\t\t<\/div>\n\t\t\t\t<div class=\"elementor-element elementor-element-814e412 elementor-widget elementor-widget-text-editor\" data-id=\"814e412\" data-element_type=\"widget\" data-e-type=\"widget\" data-widget_type=\"text-editor.default\">\n\t\t\t\t<div class=\"elementor-widget-container\">\n\t\t\t\t\t\t\t\t\t<p>GREEN AND BLUE VACATIONS S.L. s'est engag\u00e9 \u00e0 rendre ses sites web accessibles conform\u00e9ment au d\u00e9cret royal 1112\/2018, du 7 septembre, relatif \u00e0 l'accessibilit\u00e9 des sites web et des applications pour les dispositifs mobiles du secteur public (en adelante, Real Decreto 1112\/2018, du 7 septembre) ou aux projets financ\u00e9s depuis l'Europe.<\/p><p>La pr\u00e9sente d\u00e9claration d'accessibilit\u00e9 s'applique au site web https:\/\/greenandblueibiza.com\/.<\/p><h2>Situation d'accomplissement<\/h2><p>Ce site web est partiellement conforme au r\u00e8glement (CE) n\u00b0 1112\/2018 en raison de la non-conformit\u00e9 des aspects indiqu\u00e9s ci-apr\u00e8s.<\/p><h2>Pr\u00e9paration de la pr\u00e9sente d\u00e9claration d'accessibilit\u00e9<\/h2><p>La pr\u00e9sente d\u00e9claration a \u00e9t\u00e9 pr\u00e9par\u00e9e le 29 septembre 2023.<\/p><p>La m\u00e9thode utilis\u00e9e pour pr\u00e9parer la d\u00e9claration a \u00e9t\u00e9 une \u00e9valuation men\u00e9e par l'entreprise.\u00a0<a href=\"https:\/\/www.ril.es\/\">ril.es<\/a>.<\/p>\t\t\t\t\t\t\t\t<\/div>\n\t\t\t\t<\/div>\n\t\t\t\t\t<\/div>\n\t\t\t\t<\/div>\n\t\t\t\t<\/div>","protected":false},"excerpt":{"rendered":"<p>Accesibily statement GREEN AND BLUE VACATIONS S.L. se ha comprometido a hacer accesibles sus sitios web de conformidad con el Real Decreto 1112\/2018, de 7 de septiembre, sobre accesibilidad de los sitios web y aplicaciones para dispositivos m\u00f3viles del sector p\u00fablico (en adelante, Real Decreto 1112\/2018, de 7 de septiembre) o desarrollos financiados desde Europa. [&hellip;]<\/p>\n","protected":false},"author":1,"featured_media":0,"parent":0,"menu_order":0,"comment_status":"closed","ping_status":"closed","template":"elementor_header_footer","meta":{"_acf_changed":false,"footnotes":""},"folder":[],"class_list":["post-1364","page","type-page","status-publish","hentry"],"acf":[],"yoast_head":"<!-- This site is optimized with the Yoast SEO plugin v26.9 - https:\/\/yoast.com\/product\/yoast-seo-wordpress\/ -->\n<title>Accesibility Statement - Green &amp; Blue<\/title>\n<meta name=\"robots\" content=\"noindex, nofollow\" \/>\n<meta property=\"og:locale\" content=\"fr_FR\" \/>\n<meta property=\"og:type\" content=\"article\" \/>\n<meta property=\"og:title\" content=\"Accesibility Statement - Green &amp; Blue\" \/>\n<meta property=\"og:description\" content=\"Accesibily statement GREEN AND BLUE VACATIONS S.L. se ha comprometido a hacer accesibles sus sitios web de conformidad con el Real Decreto 1112\/2018, de 7 de septiembre, sobre accesibilidad de los sitios web y aplicaciones para dispositivos m\u00f3viles del sector p\u00fablico (en adelante, Real Decreto 1112\/2018, de 7 de septiembre) o desarrollos financiados desde Europa. [&hellip;]\" \/>\n<meta property=\"og:url\" content=\"https:\/\/greenandbluevillas.com\/fr\/accesibility-statement\/\" \/>\n<meta property=\"og:site_name\" content=\"Green &amp; Blue\" \/>\n<meta property=\"article:modified_time\" content=\"2025-07-04T16:59:18+00:00\" \/>\n<meta name=\"twitter:card\" content=\"summary_large_image\" \/>\n<meta name=\"twitter:label1\" content=\"Dur\u00e9e de lecture estim\u00e9e\" \/>\n\t<meta name=\"twitter:data1\" content=\"1 minute\" \/>\n<script type=\"application\/ld+json\" class=\"yoast-schema-graph\">{\"@context\":\"https:\/\/schema.org\",\"@graph\":[{\"@type\":\"WebPage\",\"@id\":\"https:\/\/greenandbluevillas.com\/accesibility-statement\/\",\"url\":\"https:\/\/greenandbluevillas.com\/accesibility-statement\/\",\"name\":\"Accesibility Statement - Green &amp; Blue\",\"isPartOf\":{\"@id\":\"https:\/\/greenandbluevillas.com\/#website\"},\"datePublished\":\"2025-06-05T11:58:42+00:00\",\"dateModified\":\"2025-07-04T16:59:18+00:00\",\"breadcrumb\":{\"@id\":\"https:\/\/greenandbluevillas.com\/accesibility-statement\/#breadcrumb\"},\"inLanguage\":\"fr-FR\",\"potentialAction\":[{\"@type\":\"ReadAction\",\"target\":[\"https:\/\/greenandbluevillas.com\/accesibility-statement\/\"]}]},{\"@type\":\"BreadcrumbList\",\"@id\":\"https:\/\/greenandbluevillas.com\/accesibility-statement\/#breadcrumb\",\"itemListElement\":[{\"@type\":\"ListItem\",\"position\":1,\"name\":\"Portada\",\"item\":\"https:\/\/greenandbluevillas.com\/\"},{\"@type\":\"ListItem\",\"position\":2,\"name\":\"Accesibility Statement\"}]},{\"@type\":\"WebSite\",\"@id\":\"https:\/\/greenandbluevillas.com\/#website\",\"url\":\"https:\/\/greenandbluevillas.com\/\",\"name\":\"Green &amp; Blue\",\"description\":\"\",\"publisher\":{\"@id\":\"https:\/\/greenandbluevillas.com\/#organization\"},\"potentialAction\":[{\"@type\":\"SearchAction\",\"target\":{\"@type\":\"EntryPoint\",\"urlTemplate\":\"https:\/\/greenandbluevillas.com\/?s={search_term_string}\"},\"query-input\":{\"@type\":\"PropertyValueSpecification\",\"valueRequired\":true,\"valueName\":\"search_term_string\"}}],\"inLanguage\":\"fr-FR\"},{\"@type\":\"Organization\",\"@id\":\"https:\/\/greenandbluevillas.com\/#organization\",\"name\":\"Green &amp; Blue\",\"url\":\"https:\/\/greenandbluevillas.com\/\",\"logo\":{\"@type\":\"ImageObject\",\"inLanguage\":\"fr-FR\",\"@id\":\"https:\/\/greenandbluevillas.com\/#\/schema\/logo\/image\/\",\"url\":\"https:\/\/greenandbluevillas.com\/wp-content\/uploads\/2025\/05\/logo-greenandblue-horizontal-blanco-4.svg\",\"contentUrl\":\"https:\/\/greenandbluevillas.com\/wp-content\/uploads\/2025\/05\/logo-greenandblue-horizontal-blanco-4.svg\",\"width\":556,\"height\":98,\"caption\":\"Green &amp; Blue\"},\"image\":{\"@id\":\"https:\/\/greenandbluevillas.com\/#\/schema\/logo\/image\/\"}}]}<\/script>\n<!-- \/ Yoast SEO plugin. -->","yoast_head_json":{"title":"D\u00e9claration d'accessibilit\u00e9 - Vert et bleu","robots":{"index":"noindex","follow":"nofollow"},"og_locale":"fr_FR","og_type":"article","og_title":"Accesibility Statement - Green &amp; Blue","og_description":"Accesibily statement GREEN AND BLUE VACATIONS S.L. se ha comprometido a hacer accesibles sus sitios web de conformidad con el Real Decreto 1112\/2018, de 7 de septiembre, sobre accesibilidad de los sitios web y aplicaciones para dispositivos m\u00f3viles del sector p\u00fablico (en adelante, Real Decreto 1112\/2018, de 7 de septiembre) o desarrollos financiados desde Europa. [&hellip;]","og_url":"https:\/\/greenandbluevillas.com\/fr\/accesibility-statement\/","og_site_name":"Green &amp; Blue","article_modified_time":"2025-07-04T16:59:18+00:00","twitter_card":"summary_large_image","twitter_misc":{"Dur\u00e9e de lecture estim\u00e9e":"1 minute"},"schema":{"@context":"https:\/\/schema.org","@graph":[{"@type":"WebPage","@id":"https:\/\/greenandbluevillas.com\/accesibility-statement\/","url":"https:\/\/greenandbluevillas.com\/accesibility-statement\/","name":"D\u00e9claration d'accessibilit\u00e9 - Vert et bleu","isPartOf":{"@id":"https:\/\/greenandbluevillas.com\/#website"},"datePublished":"2025-06-05T11:58:42+00:00","dateModified":"2025-07-04T16:59:18+00:00","breadcrumb":{"@id":"https:\/\/greenandbluevillas.com\/accesibility-statement\/#breadcrumb"},"inLanguage":"fr-FR","potentialAction":[{"@type":"ReadAction","target":["https:\/\/greenandbluevillas.com\/accesibility-statement\/"]}]},{"@type":"BreadcrumbList","@id":"https:\/\/greenandbluevillas.com\/accesibility-statement\/#breadcrumb","itemListElement":[{"@type":"ListItem","position":1,"name":"Portada","item":"https:\/\/greenandbluevillas.com\/"},{"@type":"ListItem","position":2,"name":"Accesibility Statement"}]},{"@type":"WebSite","@id":"https:\/\/greenandbluevillas.com\/#website","url":"https:\/\/greenandbluevillas.com\/","name":"Vert et bleu","description":"","publisher":{"@id":"https:\/\/greenandbluevillas.com\/#organization"},"potentialAction":[{"@type":"SearchAction","target":{"@type":"EntryPoint","urlTemplate":"https:\/\/greenandbluevillas.com\/?s={search_term_string}"},"query-input":{"@type":"PropertyValueSpecification","valueRequired":true,"valueName":"search_term_string"}}],"inLanguage":"fr-FR"},{"@type":"Organization","@id":"https:\/\/greenandbluevillas.com\/#organization","name":"Vert et bleu","url":"https:\/\/greenandbluevillas.com\/","logo":{"@type":"ImageObject","inLanguage":"fr-FR","@id":"https:\/\/greenandbluevillas.com\/#\/schema\/logo\/image\/","url":"https:\/\/greenandbluevillas.com\/wp-content\/uploads\/2025\/05\/logo-greenandblue-horizontal-blanco-4.svg","contentUrl":"https:\/\/greenandbluevillas.com\/wp-content\/uploads\/2025\/05\/logo-greenandblue-horizontal-blanco-4.svg","width":556,"height":98,"caption":"Green &amp; Blue"},"image":{"@id":"https:\/\/greenandbluevillas.com\/#\/schema\/logo\/image\/"}}]}},"_links":{"self":[{"href":"https:\/\/greenandbluevillas.com\/fr\/wp-json\/wp\/v2\/pages\/1364","targetHints":{"allow":["GET"]}}],"collection":[{"href":"https:\/\/greenandbluevillas.com\/fr\/wp-json\/wp\/v2\/pages"}],"about":[{"href":"https:\/\/greenandbluevillas.com\/fr\/wp-json\/wp\/v2\/types\/page"}],"author":[{"embeddable":true,"href":"https:\/\/greenandbluevillas.com\/fr\/wp-json\/wp\/v2\/users\/1"}],"replies":[{"embeddable":true,"href":"https:\/\/greenandbluevillas.com\/fr\/wp-json\/wp\/v2\/comments?post=1364"}],"version-history":[{"count":8,"href":"https:\/\/greenandbluevillas.com\/fr\/wp-json\/wp\/v2\/pages\/1364\/revisions"}],"predecessor-version":[{"id":2207,"href":"https:\/\/greenandbluevillas.com\/fr\/wp-json\/wp\/v2\/pages\/1364\/revisions\/2207"}],"wp:attachment":[{"href":"https:\/\/greenandbluevillas.com\/fr\/wp-json\/wp\/v2\/media?parent=1364"}],"wp:term":[{"taxonomy":"folder","embeddable":true,"href":"https:\/\/greenandbluevillas.com\/fr\/wp-json\/wp\/v2\/folder?post=1364"}],"curies":[{"name":"wp","href":"https:\/\/api.w.org\/{rel}","templated":true}]}}