{"id":1343,"date":"2025-06-05T11:50:57","date_gmt":"2025-06-05T11:50:57","guid":{"rendered":"https:\/\/greenandbluevillas.com\/?page_id=1343"},"modified":"2025-07-10T16:28:39","modified_gmt":"2025-07-10T16:28:39","slug":"cookie-policy","status":"publish","type":"page","link":"https:\/\/greenandbluevillas.com\/es\/cookie-policy\/","title":{"rendered":"Pol\u00edtica de cookies"},"content":{"rendered":"<div data-elementor-type=\"wp-page\" data-elementor-id=\"1343\" class=\"elementor elementor-1343\" data-elementor-post-type=\"page\">\n\t\t\t\t<div class=\"elementor-element elementor-element-a370d70 e-flex e-con-boxed e-con e-parent\" data-id=\"a370d70\" data-element_type=\"container\" data-e-type=\"container\">\n\t\t\t\t\t<div class=\"e-con-inner\">\n\t\t\t\t<div class=\"elementor-element elementor-element-c3c5a45 elementor-widget elementor-widget-heading\" data-id=\"c3c5a45\" data-element_type=\"widget\" data-e-type=\"widget\" data-widget_type=\"heading.default\">\n\t\t\t\t<div class=\"elementor-widget-container\">\n\t\t\t\t\t<h1 class=\"elementor-heading-title elementor-size-default\">Pol\u00edtica de cookies<\/h1>\t\t\t\t<\/div>\n\t\t\t\t<\/div>\n\t\t\t\t<div class=\"elementor-element elementor-element-7ed4683 elementor-widget elementor-widget-text-editor\" data-id=\"7ed4683\" data-element_type=\"widget\" data-e-type=\"widget\" data-widget_type=\"text-editor.default\">\n\t\t\t\t<div class=\"elementor-widget-container\">\n\t\t\t\t\t\t\t\t\t<p>Utilizamos cookies para facilitar el uso de nuestro sitio web. Las cookies son peque\u00f1os ficheros de informaci\u00f3n que nos permiten comparar y entender c\u00f3mo nuestros usuarios navegan a trav\u00e9s de nuestra p\u00e1gina web, pudiendo as\u00ed mejorar el proceso de navegaci\u00f3n en consecuencia. Las cookies que utilizamos no almacenan datos personales ni ning\u00fan tipo de informaci\u00f3n que pueda identificarle. En caso de no querer recibir cookies, por favor configure su navegador de Internet para que las borre del disco duro de su ordenador, las bloquee o le avise en caso de instalaci\u00f3n de las mismas. Para continuar sin cambios en la configuraci\u00f3n de las cookies, simplemente contin\u00fae en el sitio web.<br \/>Puede obtener m\u00e1s informaci\u00f3n sobre las cookies y su uso en\u00a0<a href=\"https:\/\/www.aboutcookies.org\/\">www.aboutcookies.org.<\/a><\/p><h3>Tipos de cookies que utilizamos:<\/h3><ul><li><strong>Cookies estrictamente necesarias:<\/strong><\/li><\/ul><p>Estas cookies son necesarias para el correcto uso del sitio web, permitiendo el acceso a secciones que disponen de filtros de seguridad. Sin estas cookies, muchos de los servicios disponibles no estar\u00edan operativos.<\/p><ul><li><strong>Cookies de navegaci\u00f3n:<\/strong><\/li><\/ul><p>Estas cookies recogen informaci\u00f3n sobre el uso que las visitas hacen del sitio web, por ejemplo, p\u00e1ginas vistas, errores de carga... Se trata de informaci\u00f3n gen\u00e9rica y an\u00f3nima, donde no se incluyen datos personales, ni informaci\u00f3n que identifique a los visitantes; siendo el objetivo \u00faltimo mejorar el funcionamiento del sitio web. Al visitar nuestro sitio web, usted acepta la instalaci\u00f3n de estas cookies en su dispositivo.<\/p><ul><li><strong>Cookies funcionales:<\/strong><\/li><\/ul><p>Estas cookies permiten recordar informaci\u00f3n (como su nombre de usuario, idioma o la regi\u00f3n en la que se encuentra) y caracter\u00edsticas m\u00e1s personales. Por ejemplo, la posibilidad de ofrecer contenidos personalizados basados en la informaci\u00f3n y los criterios que usted haya facilitado voluntariamente. Estas cookies tambi\u00e9n pueden utilizarse para recordar los cambios realizados en el tama\u00f1o del texto, las fuentes y otras partes personalizables del sitio web. Tambi\u00e9n se utilizan para proporcionar algunos servicios solicitados, como ver un v\u00eddeo o comentar en un blog. La informaci\u00f3n recogida por estas cookies puede ser an\u00f3nima y su actividad en otros sitios web no puede ser rastreada. Al visitar nuestro sitio web, usted acepta la instalaci\u00f3n de estas cookies en su dispositivo.<\/p><h3>C\u00f3mo gestionar las cookies en los ordenadores:<\/h3><p>Puede restringir, bloquear o eliminar las cookies de cualquier sitio web utilizando su navegador. Cada navegador funciona de forma diferente; la funci\u00f3n \"Ayuda\" le mostrar\u00e1 c\u00f3mo hacerlo.<\/p><ul><li><strong>Internet Explorer<\/strong>:\u00a0<a href=\"https:\/\/support.microsoft.com\/es-es\/help\/17442\/windows-internet-explorer-delete-manage-cookies#ie=%22ie-10%22\">windows.microsoft.com\/es-xl\/internet-explorer\/delete-manage-cookies#ie=\"ie-10\u2033<\/a><\/li><li><strong>FireFox<\/strong>:\u00a0<a href=\"https:\/\/support.mozilla.org\/es\/kb\/Borrar%20cookies\">support.mozilla.org\/es\/kb\/Borrar%20cookies<\/a><\/li><li><strong>Cromo<\/strong>:\u00a0<a href=\"https:\/\/support.google.com\/chrome\/answer\/95647?hl=%22es%22\">support.google.com\/chrome\/answer\/95647?hl=\"es\"<\/a><\/li><li><strong>Safari<\/strong>:\u00a0<a href=\"https:\/\/www.apple.com\/legal\/privacy\/es\/cookies\/\">www.apple.com\/es\/privacy\/use-of-cookies\/<\/a><\/li><\/ul><p>Adem\u00e1s, tambi\u00e9n puede gestionar el almac\u00e9n de cookies de su navegador a trav\u00e9s de herramientas como las siguientes:<\/p><ul><li><strong>Ghostery<\/strong>:\u00a0<a href=\"https:\/\/www.ghostery.com\/\">www.ghostery.com\/<\/a><\/li><li><strong>Sus opciones en l\u00ednea<\/strong>:\u00a0<a href=\"http:\/\/www.youronlinechoices.com\/es\/\">www.youronlinechoices.com\/es\/<\/a><\/li><\/ul>\t\t\t\t\t\t\t\t<\/div>\n\t\t\t\t<\/div>\n\t\t\t\t\t<\/div>\n\t\t\t\t<\/div>\n\t\t\t\t<\/div>","protected":false},"excerpt":{"rendered":"<p>Cookie policy We use cookies to facilitate the use of our website. Cookies are small information files that allow us to compare and understand how our users navigate through our website, thus being able to improve the browsing process accordingly. The cookies we use do not store any personal data or any type of information [&hellip;]<\/p>\n","protected":false},"author":1,"featured_media":0,"parent":0,"menu_order":0,"comment_status":"closed","ping_status":"closed","template":"elementor_header_footer","meta":{"_acf_changed":false,"footnotes":""},"folder":[],"class_list":["post-1343","page","type-page","status-publish","hentry"],"acf":[],"yoast_head":"<!-- This site is optimized with the Yoast SEO plugin v26.9 - https:\/\/yoast.com\/product\/yoast-seo-wordpress\/ -->\n<title>Cookie policy - Green &amp; Blue<\/title>\n<meta name=\"robots\" content=\"noindex, nofollow\" \/>\n<meta property=\"og:locale\" content=\"es_ES\" \/>\n<meta property=\"og:type\" content=\"article\" \/>\n<meta property=\"og:title\" content=\"Cookie policy - Green &amp; Blue\" \/>\n<meta property=\"og:description\" content=\"Cookie policy We use cookies to facilitate the use of our website. Cookies are small information files that allow us to compare and understand how our users navigate through our website, thus being able to improve the browsing process accordingly. The cookies we use do not store any personal data or any type of information [&hellip;]\" \/>\n<meta property=\"og:url\" content=\"https:\/\/greenandbluevillas.com\/es\/cookie-policy\/\" \/>\n<meta property=\"og:site_name\" content=\"Green &amp; Blue\" \/>\n<meta property=\"article:modified_time\" content=\"2025-07-10T16:28:39+00:00\" \/>\n<meta name=\"twitter:card\" content=\"summary_large_image\" \/>\n<meta name=\"twitter:label1\" content=\"Tiempo de lectura\" \/>\n\t<meta name=\"twitter:data1\" content=\"2 minutos\" \/>\n<script type=\"application\/ld+json\" class=\"yoast-schema-graph\">{\"@context\":\"https:\/\/schema.org\",\"@graph\":[{\"@type\":\"WebPage\",\"@id\":\"https:\/\/greenandbluevillas.com\/cookie-policy\/\",\"url\":\"https:\/\/greenandbluevillas.com\/cookie-policy\/\",\"name\":\"Cookie policy - Green &amp; Blue\",\"isPartOf\":{\"@id\":\"https:\/\/greenandbluevillas.com\/#website\"},\"datePublished\":\"2025-06-05T11:50:57+00:00\",\"dateModified\":\"2025-07-10T16:28:39+00:00\",\"breadcrumb\":{\"@id\":\"https:\/\/greenandbluevillas.com\/cookie-policy\/#breadcrumb\"},\"inLanguage\":\"es\",\"potentialAction\":[{\"@type\":\"ReadAction\",\"target\":[\"https:\/\/greenandbluevillas.com\/cookie-policy\/\"]}]},{\"@type\":\"BreadcrumbList\",\"@id\":\"https:\/\/greenandbluevillas.com\/cookie-policy\/#breadcrumb\",\"itemListElement\":[{\"@type\":\"ListItem\",\"position\":1,\"name\":\"Portada\",\"item\":\"https:\/\/greenandbluevillas.com\/\"},{\"@type\":\"ListItem\",\"position\":2,\"name\":\"Cookie policy\"}]},{\"@type\":\"WebSite\",\"@id\":\"https:\/\/greenandbluevillas.com\/#website\",\"url\":\"https:\/\/greenandbluevillas.com\/\",\"name\":\"Green &amp; Blue\",\"description\":\"\",\"publisher\":{\"@id\":\"https:\/\/greenandbluevillas.com\/#organization\"},\"potentialAction\":[{\"@type\":\"SearchAction\",\"target\":{\"@type\":\"EntryPoint\",\"urlTemplate\":\"https:\/\/greenandbluevillas.com\/?s={search_term_string}\"},\"query-input\":{\"@type\":\"PropertyValueSpecification\",\"valueRequired\":true,\"valueName\":\"search_term_string\"}}],\"inLanguage\":\"es\"},{\"@type\":\"Organization\",\"@id\":\"https:\/\/greenandbluevillas.com\/#organization\",\"name\":\"Green &amp; Blue\",\"url\":\"https:\/\/greenandbluevillas.com\/\",\"logo\":{\"@type\":\"ImageObject\",\"inLanguage\":\"es\",\"@id\":\"https:\/\/greenandbluevillas.com\/#\/schema\/logo\/image\/\",\"url\":\"https:\/\/greenandbluevillas.com\/wp-content\/uploads\/2025\/05\/logo-greenandblue-horizontal-blanco-4.svg\",\"contentUrl\":\"https:\/\/greenandbluevillas.com\/wp-content\/uploads\/2025\/05\/logo-greenandblue-horizontal-blanco-4.svg\",\"width\":556,\"height\":98,\"caption\":\"Green &amp; Blue\"},\"image\":{\"@id\":\"https:\/\/greenandbluevillas.com\/#\/schema\/logo\/image\/\"}}]}<\/script>\n<!-- \/ Yoast SEO plugin. -->","yoast_head_json":{"title":"Pol\u00edtica de cookies - Green &amp; Blue","robots":{"index":"noindex","follow":"nofollow"},"og_locale":"es_ES","og_type":"article","og_title":"Cookie policy - Green &amp; Blue","og_description":"Cookie policy We use cookies to facilitate the use of our website. Cookies are small information files that allow us to compare and understand how our users navigate through our website, thus being able to improve the browsing process accordingly. The cookies we use do not store any personal data or any type of information [&hellip;]","og_url":"https:\/\/greenandbluevillas.com\/es\/cookie-policy\/","og_site_name":"Green &amp; Blue","article_modified_time":"2025-07-10T16:28:39+00:00","twitter_card":"summary_large_image","twitter_misc":{"Tiempo de lectura":"2 minutos"},"schema":{"@context":"https:\/\/schema.org","@graph":[{"@type":"WebPage","@id":"https:\/\/greenandbluevillas.com\/cookie-policy\/","url":"https:\/\/greenandbluevillas.com\/cookie-policy\/","name":"Pol\u00edtica de cookies - Green &amp; Blue","isPartOf":{"@id":"https:\/\/greenandbluevillas.com\/#website"},"datePublished":"2025-06-05T11:50:57+00:00","dateModified":"2025-07-10T16:28:39+00:00","breadcrumb":{"@id":"https:\/\/greenandbluevillas.com\/cookie-policy\/#breadcrumb"},"inLanguage":"es","potentialAction":[{"@type":"ReadAction","target":["https:\/\/greenandbluevillas.com\/cookie-policy\/"]}]},{"@type":"BreadcrumbList","@id":"https:\/\/greenandbluevillas.com\/cookie-policy\/#breadcrumb","itemListElement":[{"@type":"ListItem","position":1,"name":"Portada","item":"https:\/\/greenandbluevillas.com\/"},{"@type":"ListItem","position":2,"name":"Cookie policy"}]},{"@type":"WebSite","@id":"https:\/\/greenandbluevillas.com\/#website","url":"https:\/\/greenandbluevillas.com\/","name":"Green &amp; Blue","description":"","publisher":{"@id":"https:\/\/greenandbluevillas.com\/#organization"},"potentialAction":[{"@type":"SearchAction","target":{"@type":"EntryPoint","urlTemplate":"https:\/\/greenandbluevillas.com\/?s={search_term_string}"},"query-input":{"@type":"PropertyValueSpecification","valueRequired":true,"valueName":"search_term_string"}}],"inLanguage":"es"},{"@type":"Organization","@id":"https:\/\/greenandbluevillas.com\/#organization","name":"Green &amp; Blue","url":"https:\/\/greenandbluevillas.com\/","logo":{"@type":"ImageObject","inLanguage":"es","@id":"https:\/\/greenandbluevillas.com\/#\/schema\/logo\/image\/","url":"https:\/\/greenandbluevillas.com\/wp-content\/uploads\/2025\/05\/logo-greenandblue-horizontal-blanco-4.svg","contentUrl":"https:\/\/greenandbluevillas.com\/wp-content\/uploads\/2025\/05\/logo-greenandblue-horizontal-blanco-4.svg","width":556,"height":98,"caption":"Green &amp; Blue"},"image":{"@id":"https:\/\/greenandbluevillas.com\/#\/schema\/logo\/image\/"}}]}},"_links":{"self":[{"href":"https:\/\/greenandbluevillas.com\/es\/wp-json\/wp\/v2\/pages\/1343","targetHints":{"allow":["GET"]}}],"collection":[{"href":"https:\/\/greenandbluevillas.com\/es\/wp-json\/wp\/v2\/pages"}],"about":[{"href":"https:\/\/greenandbluevillas.com\/es\/wp-json\/wp\/v2\/types\/page"}],"author":[{"embeddable":true,"href":"https:\/\/greenandbluevillas.com\/es\/wp-json\/wp\/v2\/users\/1"}],"replies":[{"embeddable":true,"href":"https:\/\/greenandbluevillas.com\/es\/wp-json\/wp\/v2\/comments?post=1343"}],"version-history":[{"count":17,"href":"https:\/\/greenandbluevillas.com\/es\/wp-json\/wp\/v2\/pages\/1343\/revisions"}],"predecessor-version":[{"id":2201,"href":"https:\/\/greenandbluevillas.com\/es\/wp-json\/wp\/v2\/pages\/1343\/revisions\/2201"}],"wp:attachment":[{"href":"https:\/\/greenandbluevillas.com\/es\/wp-json\/wp\/v2\/media?parent=1343"}],"wp:term":[{"taxonomy":"folder","embeddable":true,"href":"https:\/\/greenandbluevillas.com\/es\/wp-json\/wp\/v2\/folder?post=1343"}],"curies":[{"name":"wp","href":"https:\/\/api.w.org\/{rel}","templated":true}]}}