{"id":1329,"date":"2025-06-05T11:35:21","date_gmt":"2025-06-05T11:35:21","guid":{"rendered":"https:\/\/greenandbluevillas.com\/?page_id=1329"},"modified":"2025-07-04T16:59:05","modified_gmt":"2025-07-04T16:59:05","slug":"privacy-policy","status":"publish","type":"page","link":"https:\/\/greenandbluevillas.com\/es\/politica-de-privacidad\/","title":{"rendered":"Pol\u00edtica de privacidad"},"content":{"rendered":"<div data-elementor-type=\"wp-page\" data-elementor-id=\"1329\" class=\"elementor elementor-1329\" data-elementor-post-type=\"page\">\n\t\t\t\t<div class=\"elementor-element elementor-element-b191e72 e-flex e-con-boxed e-con e-parent\" data-id=\"b191e72\" data-element_type=\"container\" data-e-type=\"container\">\n\t\t\t\t\t<div class=\"e-con-inner\">\n\t\t\t\t<div class=\"elementor-element elementor-element-d03a7ff elementor-widget elementor-widget-heading\" data-id=\"d03a7ff\" data-element_type=\"widget\" data-e-type=\"widget\" data-widget_type=\"heading.default\">\n\t\t\t\t<div class=\"elementor-widget-container\">\n\t\t\t\t\t<h1 class=\"elementor-heading-title elementor-size-default\">Pol\u00edtica de privacidad<\/h1>\t\t\t\t<\/div>\n\t\t\t\t<\/div>\n\t\t\t\t<div class=\"elementor-element elementor-element-0ed454e elementor-widget elementor-widget-text-editor\" data-id=\"0ed454e\" data-element_type=\"widget\" data-e-type=\"widget\" data-widget_type=\"text-editor.default\">\n\t\t\t\t<div class=\"elementor-widget-container\">\n\t\t\t\t\t\t\t\t\t<h2>ENV\u00cdO Y REGISTRO DE DATOS PERSONALES<\/h2><p>El env\u00edo de datos de car\u00e1cter personal es obligatorio para contactar y recibir informaci\u00f3n sobre los productos y servicios de GREEN AND BLUE VACATIONS S.L., debiendo el usuario suscribirse expresamente a nuestra newsletter si desea estar informado peri\u00f3dicamente de todos los productos y novedades.<\/p><p>El no facilitar los datos personales solicitados o el no aceptar la presente pol\u00edtica de protecci\u00f3n de datos supone la imposibilidad de suscribirse, registrarse o recibir informaci\u00f3n de los productos y servicios de GREEN AND BLUE VACATIONS S.L..<\/p><p>De conformidad con lo establecido en el Reglamento General de Protecci\u00f3n de Datos de la Uni\u00f3n Europea 2016\/679, de 27 de abril de 2016, relativo a la protecci\u00f3n de las personas f\u00edsicas en lo que respecta al tratamiento de datos personales y a la libre circulaci\u00f3n de estos datos, y en la Ley Org\u00e1nica 3\/2018, de 5 de diciembre, de Protecci\u00f3n de Datos de Car\u00e1cter Personal, le informamos que los datos personales obtenidos como consecuencia de su env\u00edo ser\u00e1n tratados por GREEN AND BLUE VACATIONS S.L. con domicilio en Calle Mar\u00eda Villangomez 12, 07840 (Santa Eulalia del R\u00edo), teniendo implementadas las medidas de seguridad necesarias para garantizar la privacidad.<\/p><h2>EXACTITUD Y VERACIDAD DE LOS DATOS FACILITADOS<\/h2><p>El Usuario que env\u00eda la informaci\u00f3n a GREEN AND BLUE VACATIONS S.L. es el \u00fanico responsable de la veracidad y correcci\u00f3n de los datos incluidos, exoner\u00e1ndose GREEN AND BLUE VACATIONS S.L. de cualquier responsabilidad al respecto.<\/p><p>Los usuarios garantizan y responden, en cualquier caso, de la exactitud, vigencia y autenticidad de los datos personales facilitados, y se comprometen a mantenerlos debidamente actualizados.<\/p><p>Los usuarios se comprometen a facilitar informaci\u00f3n completa y correcta en el formulario de registro o suscripci\u00f3n.<\/p><p>GREEN AND BLUE VACATIONS S.L. no responde de la veracidad de las informaciones que no sean de elaboraci\u00f3n propia y de las que se indique otra fuente, por lo que tampoco asume responsabilidad alguna en cuanto a hipot\u00e9ticos perjuicios que pudieran originarse por el uso de dicha informaci\u00f3n.<\/p><p>Se exonera a GREEN AND BLUE VACATIONS S.L. de responsabilidad ante cualquier da\u00f1o o perjuicio que pudiera sufrir el Usuario como consecuencia de errores, defectos u omisiones, en la informaci\u00f3n facilitada por GREEN AND BLUE VACATIONS S.L. siempre que proceda de fuentes ajenas a GREEN AND BLUE VACATIONS S.L..<\/p><h2>PROP\u00d3SITOS<\/h2><p>Las finalidades de la recogida de datos son: el desarrollo de actividades y prestaci\u00f3n de informaci\u00f3n sobre productos y el posterior contacto con el usuario de GREEN AND BLUE VACATIONS S.L..<\/p><h2>TRANSFERENCIA DE DATOS A TERCEROS<\/h2><p>GREEN AND BLUE VACATIONS S.L. no realizar\u00e1 cesi\u00f3n de datos de los usuarios a terceros. No obstante, en caso de cesi\u00f3n a alguna empresa, se informar\u00e1 previamente a la recogida, solicitando el consentimiento expreso del afectado.<\/p><h3>EJERCICIO DE LOS DERECHOS DE ACCESO, RECTIFICACI\u00d3N, SUPRESI\u00d3N Y OPOSICI\u00d3N, LIMITACI\u00d3N DEL TRATAMIENTO Y PORTABILIDAD DE DATOS (ART. 15, 16, 17, 18, 19, 20, 21, 22 Y 23 DEL RDC)<\/h3><p>Podr\u00e1 dirigir sus comunicaciones, revocar el consentimiento prestado y ejercer el derecho de acceso a sus datos personales obteniendo una copia de los mismos. Derecho de rectificaci\u00f3n de los datos inexactos o incompletos. Derecho a la supresi\u00f3n de sus datos personales. Derecho a retirar sus datos personales de nuestro sitio web. Derecho a oponerse al tratamiento de sus datos personales. Derecho a restringir el tratamiento de sus datos personales. Y el derecho a la portabilidad de sus datos personales automatizados por correo: dirigido a GREEN AND BLUE VACATIONS S.L., Calle Mar\u00eda Villangomez 12, 07840 (Santa Eulalia del R\u00edo). Para ejercer dichos derechos y en cumplimiento de la Instrucci\u00f3n 1\/1998, de 19 de enero, de la Agencia Espa\u00f1ola de Protecci\u00f3n de Datos, es necesario que usted acredite su personalidad frente a GREEN AND BLUE VACATIONS S.L. mediante el env\u00edo de fotocopia de Documento Nacional de Identidad o cualquier otro medio v\u00e1lido en Derecho.<\/p><p>Los interesados tienen derecho a presentar una reclamaci\u00f3n ante la autoridad de control.<\/p><h2>PERIODO DE CONSERVACI\u00d3N DE DATOS<\/h2><p>Los datos personales del Usuario ser\u00e1n objeto de tratamiento activo mientras ostente la condici\u00f3n de Usuario de www.greenandblueibiza.es; es decir, hasta que revoque su consentimiento o ejercite los derechos de cancelaci\u00f3n, supresi\u00f3n u oposici\u00f3n para una finalidad concreta.<br \/>En caso de revocaci\u00f3n de su consentimiento o ejercicio de los derechos de cancelaci\u00f3n o supresi\u00f3n, sus datos ser\u00e1n bloqueados y mantenidos con car\u00e1cter restringido a disposici\u00f3n de las autoridades competentes durante un plazo de 3 a\u00f1os para hacer frente a las posibles responsabilidades nacidas del tratamiento.<\/p><h2>BASE JUR\u00cdDICA DEL TRATAMIENTO DE DATOS<\/h2><p>El registro en www.greenandblueibiza.es es voluntario para el Usuario, por lo que la base legal para el tratamiento de sus datos personales es su consentimiento.<\/p><h2>ACEPTACI\u00d3N Y CONSENTIMIENTO<\/h2><p>La utilizaci\u00f3n del sitio web le atribuye la condici\u00f3n de usuario del mismo (en adelante, el \"Usuario\"), implicando su aceptaci\u00f3n plena y sin reservas de todas y cada una de las disposiciones incluidas en las condiciones de protecci\u00f3n de datos de car\u00e1cter personal, aceptando y consintiendo el tratamiento de sus datos por parte de www.greenandblueibiza.es, en la forma y para las finalidades indicadas en la presente Pol\u00edtica de Protecci\u00f3n de Datos Personales, en la versi\u00f3n publicada por el sitio web en el momento en que el Usuario acceda al mismo. En consecuencia, es responsabilidad del Usuario leer atentamente el presente aviso legal en cada una de las ocasiones en que se proponga utilizar el sitio web, ya que puede sufrir modificaciones.<\/p><p>En lo que respecta a la oferta de servicios de la sociedad de la informaci\u00f3n directamente a un ni\u00f1o, el tratamiento de los datos personales de un ni\u00f1o ser\u00e1 l\u00edcito cuando \u00e9ste tenga al menos 16 a\u00f1os. Cuando el menor tenga menos de 16 a\u00f1os, dicho tratamiento s\u00f3lo ser\u00e1 l\u00edcito si el titular de la patria potestad sobre el menor presta o autoriza su consentimiento, y en la medida en que lo preste o autorice. En cuanto al l\u00edmite de edad para que el consentimiento sea v\u00e1lido, la Ley 3\/2018, de 5 de diciembre, establece que el consentimiento ser\u00e1 v\u00e1lido cuando el menor sea mayor de 14 a\u00f1os.<\/p><h2>MEDIDAS DE SEGURIDAD INFORM\u00c1TICA<\/h2><p>GREEN AND BLUE VACATIONS S.L. ha adoptado los niveles de seguridad de protecci\u00f3n de los Datos Personales necesarios para garantizar la privacidad de los mismos. No obstante, disponemos de medios adicionales, como son firewalls de \u00faltima generaci\u00f3n, as\u00ed como de medidas t\u00e9cnicas como software para la encriptaci\u00f3n de la informaci\u00f3n confidencial y control de acceso a datos de car\u00e1cter personal, usuarios restringidos, pol\u00edticas de seguridad y contrase\u00f1as que caducan seg\u00fan exige la LOPD, y otros sistemas orientados a evitar el mal uso, alteraci\u00f3n, acceso no autorizado y robo de los Datos Personales facilitados a GREEN AND BLUE VACATIONS S.L..<br \/>GREEN AND BLUE VACATIONS S.L. no ser\u00e1 responsable de posibles da\u00f1os o perjuicios que se pudieran derivar de interferencias, omisiones, interrupciones, virus inform\u00e1ticos, aver\u00edas telef\u00f3nicas o desconexiones en el funcionamiento operativo de este sistema electr\u00f3nico, motivadas por causas ajenas a GREEN AND BLUE VACATIONS S.L.retrasos o bloqueos en el uso del presente sistema electr\u00f3nico causados por deficiencias o sobrecargas de l\u00edneas telef\u00f3nicas o sobrecargas en el Centro de Procesos de Datos (CPD), en el sistema de Internet o en otros sistemas electr\u00f3nicos, as\u00ed como de da\u00f1os que puedan ser causados por terceras personas mediante intromisiones ileg\u00edtimas fuera del control de GREEN AND BLUE VACATIONS S.L..<\/p>\t\t\t\t\t\t\t\t<\/div>\n\t\t\t\t<\/div>\n\t\t\t\t\t<\/div>\n\t\t\t\t<\/div>\n\t\t\t\t<\/div>","protected":false},"excerpt":{"rendered":"<p>Privacy policy SENDING AND RECORDING OF PERSONAL DATA The submission of personal data is mandatory to contact and receive information about the products and services of GREEN AND BLUE VACATIONS S.L., and users must explicitly subscribe to our newsletter if they wish to be periodically informed about all products and news. Failure to provide the [&hellip;]<\/p>\n","protected":false},"author":1,"featured_media":0,"parent":0,"menu_order":0,"comment_status":"closed","ping_status":"closed","template":"elementor_header_footer","meta":{"_acf_changed":false,"footnotes":""},"folder":[],"class_list":["post-1329","page","type-page","status-publish","hentry"],"acf":[],"yoast_head":"<!-- This site is optimized with the Yoast SEO plugin v26.9 - https:\/\/yoast.com\/product\/yoast-seo-wordpress\/ -->\n<title>Privacy policy - Green &amp; Blue<\/title>\n<meta name=\"robots\" content=\"noindex, nofollow\" \/>\n<meta property=\"og:locale\" content=\"es_ES\" \/>\n<meta property=\"og:type\" content=\"article\" \/>\n<meta property=\"og:title\" content=\"Privacy policy - Green &amp; Blue\" \/>\n<meta property=\"og:description\" content=\"Privacy policy SENDING AND RECORDING OF PERSONAL DATA The submission of personal data is mandatory to contact and receive information about the products and services of GREEN AND BLUE VACATIONS S.L., and users must explicitly subscribe to our newsletter if they wish to be periodically informed about all products and news. Failure to provide the [&hellip;]\" \/>\n<meta property=\"og:url\" content=\"https:\/\/greenandbluevillas.com\/es\/politica-de-privacidad\/\" \/>\n<meta property=\"og:site_name\" content=\"Green &amp; Blue\" \/>\n<meta property=\"article:modified_time\" content=\"2025-07-04T16:59:05+00:00\" \/>\n<meta name=\"twitter:card\" content=\"summary_large_image\" \/>\n<meta name=\"twitter:label1\" content=\"Tiempo de lectura\" \/>\n\t<meta name=\"twitter:data1\" content=\"5 minutos\" \/>\n<script type=\"application\/ld+json\" class=\"yoast-schema-graph\">{\"@context\":\"https:\/\/schema.org\",\"@graph\":[{\"@type\":\"WebPage\",\"@id\":\"https:\/\/greenandbluevillas.com\/privacy-policy\/\",\"url\":\"https:\/\/greenandbluevillas.com\/privacy-policy\/\",\"name\":\"Privacy policy - Green &amp; Blue\",\"isPartOf\":{\"@id\":\"https:\/\/greenandbluevillas.com\/#website\"},\"datePublished\":\"2025-06-05T11:35:21+00:00\",\"dateModified\":\"2025-07-04T16:59:05+00:00\",\"breadcrumb\":{\"@id\":\"https:\/\/greenandbluevillas.com\/privacy-policy\/#breadcrumb\"},\"inLanguage\":\"es\",\"potentialAction\":[{\"@type\":\"ReadAction\",\"target\":[\"https:\/\/greenandbluevillas.com\/privacy-policy\/\"]}]},{\"@type\":\"BreadcrumbList\",\"@id\":\"https:\/\/greenandbluevillas.com\/privacy-policy\/#breadcrumb\",\"itemListElement\":[{\"@type\":\"ListItem\",\"position\":1,\"name\":\"Portada\",\"item\":\"https:\/\/greenandbluevillas.com\/\"},{\"@type\":\"ListItem\",\"position\":2,\"name\":\"Privacy policy\"}]},{\"@type\":\"WebSite\",\"@id\":\"https:\/\/greenandbluevillas.com\/#website\",\"url\":\"https:\/\/greenandbluevillas.com\/\",\"name\":\"Green &amp; Blue\",\"description\":\"\",\"publisher\":{\"@id\":\"https:\/\/greenandbluevillas.com\/#organization\"},\"potentialAction\":[{\"@type\":\"SearchAction\",\"target\":{\"@type\":\"EntryPoint\",\"urlTemplate\":\"https:\/\/greenandbluevillas.com\/?s={search_term_string}\"},\"query-input\":{\"@type\":\"PropertyValueSpecification\",\"valueRequired\":true,\"valueName\":\"search_term_string\"}}],\"inLanguage\":\"es\"},{\"@type\":\"Organization\",\"@id\":\"https:\/\/greenandbluevillas.com\/#organization\",\"name\":\"Green &amp; Blue\",\"url\":\"https:\/\/greenandbluevillas.com\/\",\"logo\":{\"@type\":\"ImageObject\",\"inLanguage\":\"es\",\"@id\":\"https:\/\/greenandbluevillas.com\/#\/schema\/logo\/image\/\",\"url\":\"https:\/\/greenandbluevillas.com\/wp-content\/uploads\/2025\/05\/logo-greenandblue-horizontal-blanco-4.svg\",\"contentUrl\":\"https:\/\/greenandbluevillas.com\/wp-content\/uploads\/2025\/05\/logo-greenandblue-horizontal-blanco-4.svg\",\"width\":556,\"height\":98,\"caption\":\"Green &amp; Blue\"},\"image\":{\"@id\":\"https:\/\/greenandbluevillas.com\/#\/schema\/logo\/image\/\"}}]}<\/script>\n<!-- \/ Yoast SEO plugin. -->","yoast_head_json":{"title":"Pol\u00edtica de privacidad - Green &amp; Blue","robots":{"index":"noindex","follow":"nofollow"},"og_locale":"es_ES","og_type":"article","og_title":"Privacy policy - Green &amp; Blue","og_description":"Privacy policy SENDING AND RECORDING OF PERSONAL DATA The submission of personal data is mandatory to contact and receive information about the products and services of GREEN AND BLUE VACATIONS S.L., and users must explicitly subscribe to our newsletter if they wish to be periodically informed about all products and news. Failure to provide the [&hellip;]","og_url":"https:\/\/greenandbluevillas.com\/es\/politica-de-privacidad\/","og_site_name":"Green &amp; Blue","article_modified_time":"2025-07-04T16:59:05+00:00","twitter_card":"summary_large_image","twitter_misc":{"Tiempo de lectura":"5 minutos"},"schema":{"@context":"https:\/\/schema.org","@graph":[{"@type":"WebPage","@id":"https:\/\/greenandbluevillas.com\/privacy-policy\/","url":"https:\/\/greenandbluevillas.com\/privacy-policy\/","name":"Pol\u00edtica de privacidad - Green &amp; Blue","isPartOf":{"@id":"https:\/\/greenandbluevillas.com\/#website"},"datePublished":"2025-06-05T11:35:21+00:00","dateModified":"2025-07-04T16:59:05+00:00","breadcrumb":{"@id":"https:\/\/greenandbluevillas.com\/privacy-policy\/#breadcrumb"},"inLanguage":"es","potentialAction":[{"@type":"ReadAction","target":["https:\/\/greenandbluevillas.com\/privacy-policy\/"]}]},{"@type":"BreadcrumbList","@id":"https:\/\/greenandbluevillas.com\/privacy-policy\/#breadcrumb","itemListElement":[{"@type":"ListItem","position":1,"name":"Portada","item":"https:\/\/greenandbluevillas.com\/"},{"@type":"ListItem","position":2,"name":"Privacy policy"}]},{"@type":"WebSite","@id":"https:\/\/greenandbluevillas.com\/#website","url":"https:\/\/greenandbluevillas.com\/","name":"Green &amp; Blue","description":"","publisher":{"@id":"https:\/\/greenandbluevillas.com\/#organization"},"potentialAction":[{"@type":"SearchAction","target":{"@type":"EntryPoint","urlTemplate":"https:\/\/greenandbluevillas.com\/?s={search_term_string}"},"query-input":{"@type":"PropertyValueSpecification","valueRequired":true,"valueName":"search_term_string"}}],"inLanguage":"es"},{"@type":"Organization","@id":"https:\/\/greenandbluevillas.com\/#organization","name":"Green &amp; Blue","url":"https:\/\/greenandbluevillas.com\/","logo":{"@type":"ImageObject","inLanguage":"es","@id":"https:\/\/greenandbluevillas.com\/#\/schema\/logo\/image\/","url":"https:\/\/greenandbluevillas.com\/wp-content\/uploads\/2025\/05\/logo-greenandblue-horizontal-blanco-4.svg","contentUrl":"https:\/\/greenandbluevillas.com\/wp-content\/uploads\/2025\/05\/logo-greenandblue-horizontal-blanco-4.svg","width":556,"height":98,"caption":"Green &amp; Blue"},"image":{"@id":"https:\/\/greenandbluevillas.com\/#\/schema\/logo\/image\/"}}]}},"_links":{"self":[{"href":"https:\/\/greenandbluevillas.com\/es\/wp-json\/wp\/v2\/pages\/1329","targetHints":{"allow":["GET"]}}],"collection":[{"href":"https:\/\/greenandbluevillas.com\/es\/wp-json\/wp\/v2\/pages"}],"about":[{"href":"https:\/\/greenandbluevillas.com\/es\/wp-json\/wp\/v2\/types\/page"}],"author":[{"embeddable":true,"href":"https:\/\/greenandbluevillas.com\/es\/wp-json\/wp\/v2\/users\/1"}],"replies":[{"embeddable":true,"href":"https:\/\/greenandbluevillas.com\/es\/wp-json\/wp\/v2\/comments?post=1329"}],"version-history":[{"count":17,"href":"https:\/\/greenandbluevillas.com\/es\/wp-json\/wp\/v2\/pages\/1329\/revisions"}],"predecessor-version":[{"id":2198,"href":"https:\/\/greenandbluevillas.com\/es\/wp-json\/wp\/v2\/pages\/1329\/revisions\/2198"}],"wp:attachment":[{"href":"https:\/\/greenandbluevillas.com\/es\/wp-json\/wp\/v2\/media?parent=1329"}],"wp:term":[{"taxonomy":"folder","embeddable":true,"href":"https:\/\/greenandbluevillas.com\/es\/wp-json\/wp\/v2\/folder?post=1329"}],"curies":[{"name":"wp","href":"https:\/\/api.w.org\/{rel}","templated":true}]}}