{"id":1343,"date":"2025-06-05T11:50:57","date_gmt":"2025-06-05T11:50:57","guid":{"rendered":"https:\/\/greenandbluevillas.com\/?page_id=1343"},"modified":"2025-07-10T16:28:39","modified_gmt":"2025-07-10T16:28:39","slug":"cookie-policy","status":"publish","type":"page","link":"https:\/\/greenandbluevillas.com\/de\/cookie-policy\/","title":{"rendered":"Cookie-Politik"},"content":{"rendered":"<div data-elementor-type=\"wp-page\" data-elementor-id=\"1343\" class=\"elementor elementor-1343\" data-elementor-post-type=\"page\">\n\t\t\t\t<div class=\"elementor-element elementor-element-a370d70 e-flex e-con-boxed e-con e-parent\" data-id=\"a370d70\" data-element_type=\"container\" data-e-type=\"container\">\n\t\t\t\t\t<div class=\"e-con-inner\">\n\t\t\t\t<div class=\"elementor-element elementor-element-c3c5a45 elementor-widget elementor-widget-heading\" data-id=\"c3c5a45\" data-element_type=\"widget\" data-e-type=\"widget\" data-widget_type=\"heading.default\">\n\t\t\t\t<div class=\"elementor-widget-container\">\n\t\t\t\t\t<h1 class=\"elementor-heading-title elementor-size-default\">Cookie-Politik<\/h1>\t\t\t\t<\/div>\n\t\t\t\t<\/div>\n\t\t\t\t<div class=\"elementor-element elementor-element-7ed4683 elementor-widget elementor-widget-text-editor\" data-id=\"7ed4683\" data-element_type=\"widget\" data-e-type=\"widget\" data-widget_type=\"text-editor.default\">\n\t\t\t\t<div class=\"elementor-widget-container\">\n\t\t\t\t\t\t\t\t\t<p>Wir verwenden Cookies, um die Nutzung unserer Website zu erleichtern. Cookies sind kleine Informationsdateien, die es uns erm\u00f6glichen, zu vergleichen und zu verstehen, wie unsere Nutzer durch unsere Website navigieren, und so den Browsing-Prozess entsprechend zu verbessern. Die von uns verwendeten Cookies speichern keine pers\u00f6nlichen Daten oder Informationen, die Sie identifizieren k\u00f6nnten. Wenn Sie keine Cookies erhalten m\u00f6chten, konfigurieren Sie bitte Ihren Internet-Browser so, dass er sie von der Festplatte Ihres Computers l\u00f6scht, sie blockiert oder Sie im Falle einer Installation benachrichtigt. Um ohne \u00c4nderungen der Cookie-Einstellungen fortzufahren, fahren Sie einfach auf der Website fort.<br \/>Weitere Informationen \u00fcber Cookies und ihre Verwendung erhalten Sie unter\u00a0<a href=\"https:\/\/www.aboutcookies.org\/\">www.aboutcookies.org.<\/a><\/p><h3>Arten von Cookies, die wir verwenden:<\/h3><ul><li><strong>Streng notwendige Cookies:<\/strong><\/li><\/ul><p>Diese Cookies sind f\u00fcr die ordnungsgem\u00e4\u00dfe Nutzung der Website erforderlich und erm\u00f6glichen den Zugang zu Bereichen, die mit Sicherheitsfiltern versehen sind. Ohne diese Cookies w\u00e4ren viele der verf\u00fcgbaren Dienste nicht funktionsf\u00e4hig.<\/p><ul><li><strong>Navigations-Cookies:<\/strong><\/li><\/ul><p>Diese Cookies sammeln Informationen \u00fcber die Nutzung der Website durch die Besucher, z. B. \u00fcber die aufgerufenen Seiten, Ladefehler usw. Es handelt sich um allgemeine und anonyme Informationen, die weder personenbezogene Daten noch Informationen zur Identifizierung der Besucher enthalten; das Ziel ist die Verbesserung der Funktionsweise der Website. Wenn Sie unsere Website besuchen, akzeptieren Sie die Installation dieser Cookies auf Ihrem Ger\u00e4t.<\/p><ul><li><strong>Funktionale Cookies:<\/strong><\/li><\/ul><p>Diese Cookies erm\u00f6glichen es Ihnen, Informationen (wie Ihren Benutzernamen, Ihre Sprache oder die Region, in der Sie sich befinden) und pers\u00f6nlichere Funktionen zu speichern. Zum Beispiel die M\u00f6glichkeit, personalisierte Inhalte auf der Grundlage der von Ihnen freiwillig angegebenen Informationen und Kriterien anzubieten. Diese Cookies k\u00f6nnen auch verwendet werden, um \u00c4nderungen an der Textgr\u00f6\u00dfe, den Schriftarten und anderen anpassbaren Teilen der Website zu speichern. Sie werden auch verwendet, um bestimmte angeforderte Dienste bereitzustellen, wie z. B. das Ansehen eines Videos oder das Kommentieren eines Blogs. Die von diesen Cookies gesammelten Informationen k\u00f6nnen anonym sein und Ihre Aktivit\u00e4ten auf anderen Websites k\u00f6nnen nicht nachverfolgt werden. Wenn Sie unsere Website besuchen, akzeptieren Sie die Installation dieser Cookies auf Ihrem Ger\u00e4t.<\/p><h3>Wie man Cookies auf Computern verwaltet:<\/h3><p>Sie k\u00f6nnen mit Ihrem Browser Cookies von jeder Website einschr\u00e4nken, blockieren oder l\u00f6schen. Jeder Browser funktioniert anders; die \"Hilfe\"-Funktion zeigt Ihnen, wie das geht.<\/p><ul><li><strong>Internet Explorer<\/strong>:\u00a0<a href=\"https:\/\/support.microsoft.com\/es-es\/help\/17442\/windows-internet-explorer-delete-manage-cookies#ie=%22ie-10%22\">windows.microsoft.com\/es-xl\/internet-explorer\/delete-manage-cookies#ie=\"ie-10\u2033<\/a><\/li><li><strong>FireFox<\/strong>:\u00a0<a href=\"https:\/\/support.mozilla.org\/es\/kb\/Borrar%20cookies\">support.mozilla.org\/es\/kb\/Borrar%20cookies<\/a><\/li><li><strong>Chrom<\/strong>:\u00a0<a href=\"https:\/\/support.google.com\/chrome\/answer\/95647?hl=%22es%22\">support.google.com\/chrome\/answer\/95647?hl=\"es\"<\/a><\/li><li><strong>Safari<\/strong>:\u00a0<a href=\"https:\/\/www.apple.com\/legal\/privacy\/es\/cookies\/\">www.apple.com\/es\/privacy\/use-of-cookies\/<\/a><\/li><\/ul><p>Dar\u00fcber hinaus k\u00f6nnen Sie den Cookie-Speicher in Ihrem Browser auch mit Hilfe von Tools wie den folgenden verwalten:<\/p><ul><li><strong>Ghostery<\/strong>:\u00a0<a href=\"https:\/\/www.ghostery.com\/\">www.ghostery.com\/<\/a><\/li><li><strong>Ihre Online-Auswahl<\/strong>:\u00a0<a href=\"http:\/\/www.youronlinechoices.com\/es\/\">www.youronlinechoices.com\/es\/<\/a><\/li><\/ul>\t\t\t\t\t\t\t\t<\/div>\n\t\t\t\t<\/div>\n\t\t\t\t\t<\/div>\n\t\t\t\t<\/div>\n\t\t\t\t<\/div>","protected":false},"excerpt":{"rendered":"<p>Cookie policy We use cookies to facilitate the use of our website. Cookies are small information files that allow us to compare and understand how our users navigate through our website, thus being able to improve the browsing process accordingly. The cookies we use do not store any personal data or any type of information [&hellip;]<\/p>\n","protected":false},"author":1,"featured_media":0,"parent":0,"menu_order":0,"comment_status":"closed","ping_status":"closed","template":"elementor_header_footer","meta":{"_acf_changed":false,"footnotes":""},"folder":[],"class_list":["post-1343","page","type-page","status-publish","hentry"],"acf":[],"yoast_head":"<!-- This site is optimized with the Yoast SEO plugin v26.9 - https:\/\/yoast.com\/product\/yoast-seo-wordpress\/ -->\n<title>Cookie policy - Green &amp; Blue<\/title>\n<meta name=\"robots\" content=\"noindex, nofollow\" \/>\n<meta property=\"og:locale\" content=\"de_DE\" \/>\n<meta property=\"og:type\" content=\"article\" \/>\n<meta property=\"og:title\" content=\"Cookie policy - Green &amp; Blue\" \/>\n<meta property=\"og:description\" content=\"Cookie policy We use cookies to facilitate the use of our website. Cookies are small information files that allow us to compare and understand how our users navigate through our website, thus being able to improve the browsing process accordingly. The cookies we use do not store any personal data or any type of information [&hellip;]\" \/>\n<meta property=\"og:url\" content=\"https:\/\/greenandbluevillas.com\/de\/cookie-policy\/\" \/>\n<meta property=\"og:site_name\" content=\"Green &amp; Blue\" \/>\n<meta property=\"article:modified_time\" content=\"2025-07-10T16:28:39+00:00\" \/>\n<meta name=\"twitter:card\" content=\"summary_large_image\" \/>\n<meta name=\"twitter:label1\" content=\"Gesch\u00e4tzte Lesezeit\" \/>\n\t<meta name=\"twitter:data1\" content=\"2\u00a0Minuten\" \/>\n<script type=\"application\/ld+json\" class=\"yoast-schema-graph\">{\"@context\":\"https:\/\/schema.org\",\"@graph\":[{\"@type\":\"WebPage\",\"@id\":\"https:\/\/greenandbluevillas.com\/cookie-policy\/\",\"url\":\"https:\/\/greenandbluevillas.com\/cookie-policy\/\",\"name\":\"Cookie policy - Green &amp; Blue\",\"isPartOf\":{\"@id\":\"https:\/\/greenandbluevillas.com\/#website\"},\"datePublished\":\"2025-06-05T11:50:57+00:00\",\"dateModified\":\"2025-07-10T16:28:39+00:00\",\"breadcrumb\":{\"@id\":\"https:\/\/greenandbluevillas.com\/cookie-policy\/#breadcrumb\"},\"inLanguage\":\"de\",\"potentialAction\":[{\"@type\":\"ReadAction\",\"target\":[\"https:\/\/greenandbluevillas.com\/cookie-policy\/\"]}]},{\"@type\":\"BreadcrumbList\",\"@id\":\"https:\/\/greenandbluevillas.com\/cookie-policy\/#breadcrumb\",\"itemListElement\":[{\"@type\":\"ListItem\",\"position\":1,\"name\":\"Portada\",\"item\":\"https:\/\/greenandbluevillas.com\/\"},{\"@type\":\"ListItem\",\"position\":2,\"name\":\"Cookie policy\"}]},{\"@type\":\"WebSite\",\"@id\":\"https:\/\/greenandbluevillas.com\/#website\",\"url\":\"https:\/\/greenandbluevillas.com\/\",\"name\":\"Green &amp; Blue\",\"description\":\"\",\"publisher\":{\"@id\":\"https:\/\/greenandbluevillas.com\/#organization\"},\"potentialAction\":[{\"@type\":\"SearchAction\",\"target\":{\"@type\":\"EntryPoint\",\"urlTemplate\":\"https:\/\/greenandbluevillas.com\/?s={search_term_string}\"},\"query-input\":{\"@type\":\"PropertyValueSpecification\",\"valueRequired\":true,\"valueName\":\"search_term_string\"}}],\"inLanguage\":\"de\"},{\"@type\":\"Organization\",\"@id\":\"https:\/\/greenandbluevillas.com\/#organization\",\"name\":\"Green &amp; Blue\",\"url\":\"https:\/\/greenandbluevillas.com\/\",\"logo\":{\"@type\":\"ImageObject\",\"inLanguage\":\"de\",\"@id\":\"https:\/\/greenandbluevillas.com\/#\/schema\/logo\/image\/\",\"url\":\"https:\/\/greenandbluevillas.com\/wp-content\/uploads\/2025\/05\/logo-greenandblue-horizontal-blanco-4.svg\",\"contentUrl\":\"https:\/\/greenandbluevillas.com\/wp-content\/uploads\/2025\/05\/logo-greenandblue-horizontal-blanco-4.svg\",\"width\":556,\"height\":98,\"caption\":\"Green &amp; Blue\"},\"image\":{\"@id\":\"https:\/\/greenandbluevillas.com\/#\/schema\/logo\/image\/\"}}]}<\/script>\n<!-- \/ Yoast SEO plugin. -->","yoast_head_json":{"title":"Cookie-Richtlinie - Gr\u00fcn &amp; Blau","robots":{"index":"noindex","follow":"nofollow"},"og_locale":"de_DE","og_type":"article","og_title":"Cookie policy - Green &amp; Blue","og_description":"Cookie policy We use cookies to facilitate the use of our website. Cookies are small information files that allow us to compare and understand how our users navigate through our website, thus being able to improve the browsing process accordingly. The cookies we use do not store any personal data or any type of information [&hellip;]","og_url":"https:\/\/greenandbluevillas.com\/de\/cookie-policy\/","og_site_name":"Green &amp; Blue","article_modified_time":"2025-07-10T16:28:39+00:00","twitter_card":"summary_large_image","twitter_misc":{"Gesch\u00e4tzte Lesezeit":"2\u00a0Minuten"},"schema":{"@context":"https:\/\/schema.org","@graph":[{"@type":"WebPage","@id":"https:\/\/greenandbluevillas.com\/cookie-policy\/","url":"https:\/\/greenandbluevillas.com\/cookie-policy\/","name":"Cookie-Richtlinie - Gr\u00fcn &amp; Blau","isPartOf":{"@id":"https:\/\/greenandbluevillas.com\/#website"},"datePublished":"2025-06-05T11:50:57+00:00","dateModified":"2025-07-10T16:28:39+00:00","breadcrumb":{"@id":"https:\/\/greenandbluevillas.com\/cookie-policy\/#breadcrumb"},"inLanguage":"de","potentialAction":[{"@type":"ReadAction","target":["https:\/\/greenandbluevillas.com\/cookie-policy\/"]}]},{"@type":"BreadcrumbList","@id":"https:\/\/greenandbluevillas.com\/cookie-policy\/#breadcrumb","itemListElement":[{"@type":"ListItem","position":1,"name":"Portada","item":"https:\/\/greenandbluevillas.com\/"},{"@type":"ListItem","position":2,"name":"Cookie policy"}]},{"@type":"WebSite","@id":"https:\/\/greenandbluevillas.com\/#website","url":"https:\/\/greenandbluevillas.com\/","name":"Gr\u00fcn &amp; Blau","description":"","publisher":{"@id":"https:\/\/greenandbluevillas.com\/#organization"},"potentialAction":[{"@type":"SearchAction","target":{"@type":"EntryPoint","urlTemplate":"https:\/\/greenandbluevillas.com\/?s={search_term_string}"},"query-input":{"@type":"PropertyValueSpecification","valueRequired":true,"valueName":"search_term_string"}}],"inLanguage":"de"},{"@type":"Organization","@id":"https:\/\/greenandbluevillas.com\/#organization","name":"Gr\u00fcn &amp; Blau","url":"https:\/\/greenandbluevillas.com\/","logo":{"@type":"ImageObject","inLanguage":"de","@id":"https:\/\/greenandbluevillas.com\/#\/schema\/logo\/image\/","url":"https:\/\/greenandbluevillas.com\/wp-content\/uploads\/2025\/05\/logo-greenandblue-horizontal-blanco-4.svg","contentUrl":"https:\/\/greenandbluevillas.com\/wp-content\/uploads\/2025\/05\/logo-greenandblue-horizontal-blanco-4.svg","width":556,"height":98,"caption":"Green &amp; Blue"},"image":{"@id":"https:\/\/greenandbluevillas.com\/#\/schema\/logo\/image\/"}}]}},"_links":{"self":[{"href":"https:\/\/greenandbluevillas.com\/de\/wp-json\/wp\/v2\/pages\/1343","targetHints":{"allow":["GET"]}}],"collection":[{"href":"https:\/\/greenandbluevillas.com\/de\/wp-json\/wp\/v2\/pages"}],"about":[{"href":"https:\/\/greenandbluevillas.com\/de\/wp-json\/wp\/v2\/types\/page"}],"author":[{"embeddable":true,"href":"https:\/\/greenandbluevillas.com\/de\/wp-json\/wp\/v2\/users\/1"}],"replies":[{"embeddable":true,"href":"https:\/\/greenandbluevillas.com\/de\/wp-json\/wp\/v2\/comments?post=1343"}],"version-history":[{"count":17,"href":"https:\/\/greenandbluevillas.com\/de\/wp-json\/wp\/v2\/pages\/1343\/revisions"}],"predecessor-version":[{"id":2201,"href":"https:\/\/greenandbluevillas.com\/de\/wp-json\/wp\/v2\/pages\/1343\/revisions\/2201"}],"wp:attachment":[{"href":"https:\/\/greenandbluevillas.com\/de\/wp-json\/wp\/v2\/media?parent=1343"}],"wp:term":[{"taxonomy":"folder","embeddable":true,"href":"https:\/\/greenandbluevillas.com\/de\/wp-json\/wp\/v2\/folder?post=1343"}],"curies":[{"name":"wp","href":"https:\/\/api.w.org\/{rel}","templated":true}]}}